{"id":23106,"date":"2023-02-27T14:24:48","date_gmt":"2023-02-27T13:24:48","guid":{"rendered":"https:\/\/budathaimassage.hu\/?post_type=product&#038;p=23106"},"modified":"2025-05-12T17:35:27","modified_gmt":"2025-05-12T15:35:27","slug":"4-hand-massage-5-session-package","status":"publish","type":"product","link":"https:\/\/budathaimassage.hu\/en\/termek\/4-kezes-masszazs-5-alkalmas-berlet\/","title":{"rendered":"4-HAND MASSAGE - 5-SESSION PACKAGE"},"content":{"rendered":"<p>A 4-hand massage is a truly special and exclusive experience that everyone should try. At Buda Thai Massage, our experienced therapists provide a unique treatment with synchronized movements that will enchant and rejuvenate you.<\/p>\n<h3>The benefits of 4-hand massage<\/h3>\n<ul>\n<li><strong>Deeper relaxation<\/strong>: The coordinated movements help fully relax the body, making the relaxation experience much deeper and more intense.<\/li>\n<li><strong>Stress relief<\/strong>: The treatment performed by two therapists is more effective at relieving stress and tension than a traditional massage.<\/li>\n<li><strong>Enhanced circulation<\/strong>: The massage stimulates blood circulation, improving oxygen supply to cells and aiding in toxin removal.<\/li>\n<li><strong>Restoration of energy flow<\/strong>: During the massage, energy blockages are released, restoring the body\u2019s natural energy flow.<\/li>\n<\/ul>\n<h3>Why choose Buda Thai Massage?<\/h3>\n<p>In our salon, highly trained and experienced therapists ensure that your 4-hand massage experience is unforgettable. We welcome you in a pleasant, tranquil environment where everything is set up for you to fully relax and recharge.<br \/>\nExperience the unique sensation of a 4-hand massage at Buda Thai Massage and discover the ultimate relaxation!<\/p>","protected":false},"excerpt":{"rendered":"<p class=\"translation-block\">Double the relaxation, double the experience! Discover the unparalleled sensation of a 4-hand massage! Purchase a package and enjoy the discounts: <strong>5% discount for 5 sessions.<\/strong><\/p>","protected":false},"featured_media":26186,"template":"","meta":{"_acf_changed":false,"_seopress_robots_primary_cat":"203","_seopress_titles_title":"4 Kezes Massz\u00e1zs - 5 alkalmas b\u00e9rlet 5% kedvezm\u00e9ny","_seopress_titles_desc":"4 kezes (szinkron) massz\u00e1zs Budapesten! Egyed\u00fcl\u00e1ll\u00f3, dupla intenz\u00edv testmassz\u00e1zs, amit nem lehet kihagyni.","_seopress_robots_index":"","_monsterinsights_skip_tracking":false,"_monsterinsights_sitenote_active":false,"_monsterinsights_sitenote_note":"","_monsterinsights_sitenote_category":0},"product_brand":[],"product_cat":[203],"product_tag":[],"class_list":{"0":"post-23106","1":"product","2":"type-product","3":"status-publish","4":"has-post-thumbnail","6":"product_cat-5-alkalmas-berlet","8":"first","9":"instock","10":"virtual","11":"sold-individually","12":"purchasable","13":"product-type-simple"},"exclude_global_add_ons":[],"addons":[],"acf":{"amelia_shortcode":"[ameliastepbooking package=34,35]","berlet_arak":"137,750 Ft - 166,250 Ft"},"_links":{"self":[{"href":"https:\/\/budathaimassage.hu\/en\/wp-json\/wp\/v2\/product\/23106","targetHints":{"allow":["GET"]}}],"collection":[{"href":"https:\/\/budathaimassage.hu\/en\/wp-json\/wp\/v2\/product"}],"about":[{"href":"https:\/\/budathaimassage.hu\/en\/wp-json\/wp\/v2\/types\/product"}],"version-history":[{"count":0,"href":"https:\/\/budathaimassage.hu\/en\/wp-json\/wp\/v2\/product\/23106\/revisions"}],"wp:featuredmedia":[{"embeddable":true,"href":"https:\/\/budathaimassage.hu\/en\/wp-json\/wp\/v2\/media\/26186"}],"wp:attachment":[{"href":"https:\/\/budathaimassage.hu\/en\/wp-json\/wp\/v2\/media?parent=23106"}],"wp:term":[{"taxonomy":"product_brand","embeddable":true,"href":"https:\/\/budathaimassage.hu\/en\/wp-json\/wp\/v2\/product_brand?post=23106"},{"taxonomy":"product_cat","embeddable":true,"href":"https:\/\/budathaimassage.hu\/en\/wp-json\/wp\/v2\/product_cat?post=23106"},{"taxonomy":"product_tag","embeddable":true,"href":"https:\/\/budathaimassage.hu\/en\/wp-json\/wp\/v2\/product_tag?post=23106"}],"curies":[{"name":"wp","href":"https:\/\/api.w.org\/{rel}","templated":true}]}}