{"id":23043,"date":"2023-02-27T14:20:49","date_gmt":"2023-02-27T13:20:49","guid":{"rendered":"https:\/\/budathaimassage.hu\/?post_type=product&#038;p=23043"},"modified":"2025-11-01T07:13:04","modified_gmt":"2025-11-01T06:13:04","slug":"head-neck-shoulder-hand-massage-gift-card","status":"publish","type":"product","link":"https:\/\/budathaimassage.hu\/en\/termek\/fej-nyak-vall-kez-masszazs-ajandekutalvany\/","title":{"rendered":"Head+Neck+Shoulder+Hand massage (Gift Card)"},"content":{"rendered":"<h3>Shoulder massage \/ Hand massage<\/h3>\n<p>Muscle and joint pain resulting from poor posture can easily disrupt our daily lives. Office work, lack of exercise, and hunching over a computer strain muscles and joints. The fast-paced, stressful days place literal burdens on our shoulders, as tense and rigid postures can lead to painful cramps and knots.<br \/>\nMany people still view massage as a luxury only the privileged can afford, but a single treatment can make a significant difference. Investing a few thousand forints is a small price to pay for achieving physical and mental balance.<\/p>\n<p>Our professional Thai therapists focus on relieving the tension and knots that accumulate in the trapezius muscles. This type of massage has a holistic effect on the body. It fills the cells with oxygen, optimizes blood and lymph circulation, and gradually strengthens the immune system.<\/p>\n<h3>Head massage<\/h3>\n<p>A properly performed head massage reduces stress, anxiety, and depression, as well as the painful symptoms of headaches and migraines. It also benefits strained eyes and alleviates jaw joint pain. Head massage enhances creativity, improves memory with regular use, and promotes deep, restful sleep. Thanks to these benefits, the body's endorphin levels, or \"happiness hormones,\" increase, leading to a greater sense of well-being.<\/p>","protected":false},"excerpt":{"rendered":"<p><span style=\"font-weight: 400;\">The fight against everyday stress in the form of a gift voucher. Enjoy the healing effects of a head, neck, shoulder, and hand massage in an exclusive environment.<\/span><\/p>","protected":false},"featured_media":25195,"template":"","meta":{"_acf_changed":false,"_seopress_robots_primary_cat":"205","_seopress_titles_title":"FEJ- NYAK- V\u00c1LL- K\u00c9ZMASSZ\u00c1ZS AJ\u00c1ND\u00c9KUTALV\u00c1NY","_seopress_titles_desc":"Fej nyak v\u00e1ll k\u00e9zmassz\u00e1zs aj\u00e1nd\u00e9kutalv\u00e1ny! Lepd meg szeretteid egy stresszcs\u00f6kkent\u0151 thai massz\u00e1zs \u00e9lm\u00e9nnyel!","_seopress_robots_index":"","_monsterinsights_skip_tracking":false,"_monsterinsights_sitenote_active":false,"_monsterinsights_sitenote_note":"","_monsterinsights_sitenote_category":0},"product_brand":[],"product_cat":[205],"product_tag":[],"class_list":{"0":"post-23043","1":"product","2":"type-product","3":"status-publish","4":"has-post-thumbnail","6":"product_cat-ajandekutalvanyok","7":"product_shipping_class-ajandekutalvany","9":"first","10":"instock","11":"sold-individually","12":"shipping-taxable","13":"purchasable","14":"product-type-variable"},"exclude_global_add_ons":false,"addons":[{"name":"Aj\u00e1nd\u00e9kozott neve","type":"custom_text","position":0,"required":false,"title_format":"label","default":"","description_enable":true,"description":"Ki kapja az aj\u00e1nd\u00e9kutalv\u00e1nyt?\r\nHa \u00f6n szeretn\u00e9 kit\u00f6lteni, hagyja \u00fcresen ezt a mez\u0151t!","placeholder_enable":false,"placeholder":"","display":"select","restrictions_type":"any_text","adjust_price":false,"price":"","price_type":"flat_fee","restrictions":false,"min":"0","max":"0","options":[],"id":1733211853}],"acf":{"amelia_shortcode":"[ameliastepbooking package=2,1]","berlet_arak":""},"_links":{"self":[{"href":"https:\/\/budathaimassage.hu\/en\/wp-json\/wp\/v2\/product\/23043","targetHints":{"allow":["GET"]}}],"collection":[{"href":"https:\/\/budathaimassage.hu\/en\/wp-json\/wp\/v2\/product"}],"about":[{"href":"https:\/\/budathaimassage.hu\/en\/wp-json\/wp\/v2\/types\/product"}],"version-history":[{"count":0,"href":"https:\/\/budathaimassage.hu\/en\/wp-json\/wp\/v2\/product\/23043\/revisions"}],"wp:featuredmedia":[{"embeddable":true,"href":"https:\/\/budathaimassage.hu\/en\/wp-json\/wp\/v2\/media\/25195"}],"wp:attachment":[{"href":"https:\/\/budathaimassage.hu\/en\/wp-json\/wp\/v2\/media?parent=23043"}],"wp:term":[{"taxonomy":"product_brand","embeddable":true,"href":"https:\/\/budathaimassage.hu\/en\/wp-json\/wp\/v2\/product_brand?post=23043"},{"taxonomy":"product_cat","embeddable":true,"href":"https:\/\/budathaimassage.hu\/en\/wp-json\/wp\/v2\/product_cat?post=23043"},{"taxonomy":"product_tag","embeddable":true,"href":"https:\/\/budathaimassage.hu\/en\/wp-json\/wp\/v2\/product_tag?post=23043"}],"curies":[{"name":"wp","href":"https:\/\/api.w.org\/{rel}","templated":true}]}}