{"id":22705,"date":"2023-01-05T22:35:42","date_gmt":"2023-01-05T21:35:42","guid":{"rendered":"https:\/\/budathaimassage.hu\/?post_type=product&#038;p=22705"},"modified":"2025-11-01T07:19:41","modified_gmt":"2025-11-01T06:19:41","slug":"thai-foot-massage-gift-card","status":"publish","type":"product","link":"https:\/\/budathaimassage.hu\/en\/termek\/thai-talpmasszazs-ajandekutalvany\/","title":{"rendered":"Thai Foot Massage (Gift Card)"},"content":{"rendered":"<h3>Refresh and rejuvenate with a Thai foot massage<\/h3>\n<p>Thai foot massage is a unique and effective method for harmonizing body and mind. At Buda Thai Massage, we offer professional foot massages using traditional Thai techniques. This massage not only relieves tiredness in the legs but also has beneficial effects on the entire body.<\/p>\n<h3>The benefits of Thai foot massage<\/h3>\n<ul>\n<li><strong>Stress relief and relaxation:<\/strong>\u00a0The massage helps reduce stress, promotes relaxation, and improves overall well-being.<\/li>\n<li><strong>Pain relief:<\/strong>\u00a0: It\u2019s an effective method for alleviating foot pain and joint issues.<\/li>\n<li><strong>Improved circulation<\/strong>\u00a0: The massage stimulates blood circulation, aiding in better oxygen supply to cells and the removal of toxins.<\/li>\n<li><strong>Restoration of energy flow<\/strong>\u00a0: Stimulating pressure points helps restore the body\u2019s natural energy flow, supporting overall health.<\/li>\n<\/ul>\n<h3>Why choose Buda Thai Massage?<\/h3>\n<p>In our salon, skilled and experienced Thai massage therapists are ready to provide you with maximum relaxation and rejuvenation using traditional techniques. You can enjoy the benefits of Thai foot massage in a comfortable and peaceful environment, helping you to relieve daily stress and tension.<\/p>","protected":false},"excerpt":{"rendered":"<p>Gift your loved ones the healing benefits of foot massage! A gift card that brings harmony to the body and soul through a fantastic Thai massage.<\/p>","protected":false},"featured_media":24393,"template":"","meta":{"_acf_changed":false,"_seopress_robots_primary_cat":"205","_seopress_titles_title":"Thai talpmassz\u00e1zs aj\u00e1nd\u00e9kba - Buda Thai aj\u00e1nd\u00e9kutalv\u00e1ny","_seopress_titles_desc":"Egy friss\u00edt\u0151 thai talpmassz\u00e1zs \u00e9lm\u00e9ny igaz\u00e1n exkluz\u00edv aj\u00e1nd\u00e9k szeretteidnek.","_seopress_robots_index":"","_monsterinsights_skip_tracking":false,"_monsterinsights_sitenote_active":false,"_monsterinsights_sitenote_note":"","_monsterinsights_sitenote_category":0},"product_brand":[],"product_cat":[205],"product_tag":[],"class_list":{"0":"post-22705","1":"product","2":"type-product","3":"status-publish","4":"has-post-thumbnail","6":"product_cat-ajandekutalvanyok","7":"product_shipping_class-ajandekutalvany","9":"first","10":"instock","11":"shipping-taxable","12":"purchasable","13":"product-type-variable"},"exclude_global_add_ons":false,"addons":[{"name":"Aj\u00e1nd\u00e9kozott neve","type":"custom_text","position":0,"required":false,"title_format":"label","default":"","description_enable":true,"description":"Ki kapja az aj\u00e1nd\u00e9kutalv\u00e1nyt?\r\nHa \u00f6n szeretn\u00e9 kit\u00f6lteni, hagyja \u00fcresen ezt a mez\u0151t!","placeholder_enable":false,"placeholder":"","display":"select","restrictions_type":"any_text","adjust_price":false,"price":"","price_type":"flat_fee","restrictions":false,"min":"0","max":"0","options":[],"id":1733211853}],"acf":{"amelia_shortcode":"[ameliastepbooking package=2,1]","berlet_arak":""},"_links":{"self":[{"href":"https:\/\/budathaimassage.hu\/en\/wp-json\/wp\/v2\/product\/22705","targetHints":{"allow":["GET"]}}],"collection":[{"href":"https:\/\/budathaimassage.hu\/en\/wp-json\/wp\/v2\/product"}],"about":[{"href":"https:\/\/budathaimassage.hu\/en\/wp-json\/wp\/v2\/types\/product"}],"version-history":[{"count":0,"href":"https:\/\/budathaimassage.hu\/en\/wp-json\/wp\/v2\/product\/22705\/revisions"}],"wp:featuredmedia":[{"embeddable":true,"href":"https:\/\/budathaimassage.hu\/en\/wp-json\/wp\/v2\/media\/24393"}],"wp:attachment":[{"href":"https:\/\/budathaimassage.hu\/en\/wp-json\/wp\/v2\/media?parent=22705"}],"wp:term":[{"taxonomy":"product_brand","embeddable":true,"href":"https:\/\/budathaimassage.hu\/en\/wp-json\/wp\/v2\/product_brand?post=22705"},{"taxonomy":"product_cat","embeddable":true,"href":"https:\/\/budathaimassage.hu\/en\/wp-json\/wp\/v2\/product_cat?post=22705"},{"taxonomy":"product_tag","embeddable":true,"href":"https:\/\/budathaimassage.hu\/en\/wp-json\/wp\/v2\/product_tag?post=22705"}],"curies":[{"name":"wp","href":"https:\/\/api.w.org\/{rel}","templated":true}]}}