{"id":22693,"date":"2023-01-05T22:34:45","date_gmt":"2023-01-05T21:34:45","guid":{"rendered":"https:\/\/budathaimassage.hu\/?post_type=product&#038;p=22693"},"modified":"2025-11-01T07:40:55","modified_gmt":"2025-11-01T06:40:55","slug":"thai-herbal-massage-gift-card","status":"publish","type":"product","link":"https:\/\/budathaimassage.hu\/en\/termek\/thai-herbal-masszazs-ajandekutalvany\/","title":{"rendered":"Thai Herbal Massage (Gift Card)"},"content":{"rendered":"<h3>What does Herbal Massage mean?<\/h3>\n<p>During Thai herbal massage, the massage therapists use herbal balls to perform the treatment. This special massage technique has its origins in traditional Thai medicine. It has been used for centuries to harmonize body and mind. Herbal balls contain various herbs and plant extracts which are applied to the skin after steaming. The warmth and essential oils not only relieve tension, but also stimulate circulation and help eliminate toxins.<\/p>\n<h3>Advantages of Thai herbal balls<\/h3>\n<p>The hot herbal balls open the pores of the skin. This allows the herbs to exert their anti-inflammatory, antibacterial and antiseptic effects directly on the muscles. Thai herbal massage is a traditional technique in traditional Thai medicine.<\/p>\n<p>The <strong>large herbal balls (150g)<\/strong> are used to relieve various inflammatory diseases all over the body. They stimulate blood circulation and improve the body's energy supply. They also have a warming effect, and help to relieve muscle aches and pains.<\/p>\n<p>The <strong>small herbal balls (80g)<\/strong> are used for various facial treatments. They make the face look more radiant and the skin feels silky soft. The special blend of herbs nurtures the tissues, improves the nourishment of tired, dry and sensitive skin. It removes dead cells and smoothes the skin thanks to its exfoliating effect.<\/p>\n<h3>What is Thai herbal massage good for?<\/h3>\n<ul>\n<li>Relaxes in stressful situations<\/li>\n<li>Excellent for energizing against chronic fatigue and exhaustion<\/li>\n<li>Improves concentration<\/li>\n<li>Helps eliminate negative factors in case of sleep disorders, resulting in deeper, more restful sleep<\/li>\n<li>Effectively relieves certain spasms (e.g., menstrual cramps, muscle spasms)<\/li>\n<li>Improves the condition of the skin, circulation, and lymphatic system, and strengthens the immune system<\/li>\n<li>Enhances muscle performance<\/li>\n<li>Treats psychosomatic complaints (e.g., cramps, digestive issues, stress-induced headaches)<\/li>\n<li>Compensates for the negative effects of monotonous work, sedentary lifestyle, or increased physical\/mental exertion<\/li>\n<li>Regular Thai herbal compress massage reduces the recurrence of headaches, alleviates pain, and aids sleep in cases of frequent headaches<\/li>\n<li>Provides pain relief for muscle spasms, increased muscle tone, musculoskeletal pain, and muscle soreness<\/li>\n<li>Helps the body return to normal functioning in cases of psychological\/mental\/physical fatigue or slowed metabolism<\/li>\n<li>Improves overall well-being<\/li>\n<\/ul>","protected":false},"excerpt":{"rendered":"<p>Gift a Thai herbal massage, where we provide a unique experience with herbal balls in a truly relaxing and exclusive environment.<\/p>","protected":false},"featured_media":25205,"template":"","meta":{"_acf_changed":false,"_seopress_robots_primary_cat":"205","_seopress_titles_title":"Thai herbal massz\u00e1zs aj\u00e1nd\u00e9kba - Buda Thai Aj\u00e1nd\u00e9kutalv\u00e1ny","_seopress_titles_desc":"Lepd meg szeretteid thai herbal massz\u00e1zzsal, ahol gy\u00f3gyn\u00f6v\u00e9nyes labdacsok biztos\u00edtj\u00e1k a k\u00fcl\u00f6nleges \u00e9lm\u00e9nyt.","_seopress_robots_index":"","_monsterinsights_skip_tracking":false,"_monsterinsights_sitenote_active":false,"_monsterinsights_sitenote_note":"","_monsterinsights_sitenote_category":0},"product_brand":[],"product_cat":[205],"product_tag":[],"class_list":{"0":"post-22693","1":"product","2":"type-product","3":"status-publish","4":"has-post-thumbnail","6":"product_cat-ajandekutalvanyok","7":"product_shipping_class-ajandekutalvany","9":"first","10":"instock","11":"shipping-taxable","12":"purchasable","13":"product-type-variable"},"exclude_global_add_ons":false,"addons":[{"name":"Aj\u00e1nd\u00e9kozott neve","type":"custom_text","position":0,"required":false,"title_format":"label","default":"","description_enable":true,"description":"Ki kapja az aj\u00e1nd\u00e9kutalv\u00e1nyt?\r\nHa \u00f6n szeretn\u00e9 kit\u00f6lteni, hagyja \u00fcresen ezt a mez\u0151t!","placeholder_enable":false,"placeholder":"","display":"select","restrictions_type":"any_text","adjust_price":false,"price":"","price_type":"flat_fee","restrictions":false,"min":"0","max":"0","options":[],"id":1733211853}],"acf":{"amelia_shortcode":"[ameliastepbooking package=2,1]","berlet_arak":""},"_links":{"self":[{"href":"https:\/\/budathaimassage.hu\/en\/wp-json\/wp\/v2\/product\/22693","targetHints":{"allow":["GET"]}}],"collection":[{"href":"https:\/\/budathaimassage.hu\/en\/wp-json\/wp\/v2\/product"}],"about":[{"href":"https:\/\/budathaimassage.hu\/en\/wp-json\/wp\/v2\/types\/product"}],"version-history":[{"count":0,"href":"https:\/\/budathaimassage.hu\/en\/wp-json\/wp\/v2\/product\/22693\/revisions"}],"wp:featuredmedia":[{"embeddable":true,"href":"https:\/\/budathaimassage.hu\/en\/wp-json\/wp\/v2\/media\/25205"}],"wp:attachment":[{"href":"https:\/\/budathaimassage.hu\/en\/wp-json\/wp\/v2\/media?parent=22693"}],"wp:term":[{"taxonomy":"product_brand","embeddable":true,"href":"https:\/\/budathaimassage.hu\/en\/wp-json\/wp\/v2\/product_brand?post=22693"},{"taxonomy":"product_cat","embeddable":true,"href":"https:\/\/budathaimassage.hu\/en\/wp-json\/wp\/v2\/product_cat?post=22693"},{"taxonomy":"product_tag","embeddable":true,"href":"https:\/\/budathaimassage.hu\/en\/wp-json\/wp\/v2\/product_tag?post=22693"}],"curies":[{"name":"wp","href":"https:\/\/api.w.org\/{rel}","templated":true}]}}