{"id":22679,"date":"2023-01-05T22:33:09","date_gmt":"2023-01-05T21:33:09","guid":{"rendered":"https:\/\/budathaimassage.hu\/?post_type=product&#038;p=22679"},"modified":"2025-11-01T07:45:17","modified_gmt":"2025-11-01T06:45:17","slug":"traditional-thai-massage-gift-card","status":"publish","type":"product","link":"https:\/\/budathaimassage.hu\/en\/termek\/tradicionalis-thai-masszazs-ajandekutalvany\/","title":{"rendered":"Traditional Thai Massage (Gift Card)"},"content":{"rendered":"<h3>What does Traditional Thai Massage mean?<\/h3>\n<p>With partly kneading, partly stretching and tensing movements, the masseur works on all joints and muscle groups, releasing the energy blocks that have formed in them. The acupressure points are pressed on the whole body along the energy lines (meridians) by a specific choreography. In addition to their fingers, they also use their hands, elbows, knees and feet, but sometimes the masseur weighing 40-50 kg will also use their whole bodyweight to massage the patient.<\/p>\n<h3>Benefits<\/h3>\n<ul>\n<li>stimulates the metabolism by increasing blood and lymph circulation, thus having a detoxifying, slimming effect<\/li>\n<li>reduces muscle tension, leaving the muscles relaxed and rested<\/li>\n<li>by releasing energy blocks, the body's harmony is restored, its self-healing powers are activated and the immune system is strengthened<\/li>\n<li>increases the energy level of the body<\/li>\n<li>relieves stiffness in muscles and joints<\/li>\n<li>has a proven analgesic effect, thanks to its acupressure effect and the endorphins released during relaxation<\/li>\n<\/ul>","protected":false},"excerpt":{"rendered":"<p><span style=\"font-weight: 400;\">Gift an experience of revitalization with a traditional Thai massage gift card for your loved ones! Experience the healing power of this 2,500-year-old technique in a luxurious environment!<\/span><\/p>","protected":false},"featured_media":25207,"template":"","meta":{"_acf_changed":false,"_seopress_robots_primary_cat":"205","_seopress_titles_title":"Tradicion\u00e1lis thai massz\u00e1zs aj\u00e1nd\u00e9kba - Buda Thai aj\u00e1nd\u00e9kutalv\u00e1ny","_seopress_titles_desc":"Aj\u00e1nd\u00e9kozz tradicion\u00e1lis thai massz\u00e1zs kezel\u00e9st! Teljes meg\u00fajul\u00e1s exkluz\u00edv, kellemes k\u00f6rnyezetben.","_seopress_robots_index":"","_monsterinsights_skip_tracking":false,"_monsterinsights_sitenote_active":false,"_monsterinsights_sitenote_note":"","_monsterinsights_sitenote_category":0},"product_brand":[],"product_cat":[205],"product_tag":[],"class_list":{"0":"post-22679","1":"product","2":"type-product","3":"status-publish","4":"has-post-thumbnail","6":"product_cat-ajandekutalvanyok","7":"product_shipping_class-ajandekutalvany","9":"first","10":"instock","11":"sold-individually","12":"shipping-taxable","13":"purchasable","14":"product-type-variable"},"exclude_global_add_ons":false,"addons":[{"name":"Aj\u00e1nd\u00e9kozott neve","type":"custom_text","position":0,"required":false,"title_format":"label","default":"","description_enable":true,"description":"Ki kapja az aj\u00e1nd\u00e9kutalv\u00e1nyt?\r\nHa \u00f6n szeretn\u00e9 kit\u00f6lteni, hagyja \u00fcresen ezt a mez\u0151t!","placeholder_enable":false,"placeholder":"","display":"select","restrictions_type":"any_text","adjust_price":false,"price":"","price_type":"flat_fee","restrictions":false,"min":"0","max":"0","options":[],"id":1733211853}],"acf":{"amelia_shortcode":"[ameliastepbooking package=2,1]","berlet_arak":""},"_links":{"self":[{"href":"https:\/\/budathaimassage.hu\/en\/wp-json\/wp\/v2\/product\/22679","targetHints":{"allow":["GET"]}}],"collection":[{"href":"https:\/\/budathaimassage.hu\/en\/wp-json\/wp\/v2\/product"}],"about":[{"href":"https:\/\/budathaimassage.hu\/en\/wp-json\/wp\/v2\/types\/product"}],"version-history":[{"count":0,"href":"https:\/\/budathaimassage.hu\/en\/wp-json\/wp\/v2\/product\/22679\/revisions"}],"wp:featuredmedia":[{"embeddable":true,"href":"https:\/\/budathaimassage.hu\/en\/wp-json\/wp\/v2\/media\/25207"}],"wp:attachment":[{"href":"https:\/\/budathaimassage.hu\/en\/wp-json\/wp\/v2\/media?parent=22679"}],"wp:term":[{"taxonomy":"product_brand","embeddable":true,"href":"https:\/\/budathaimassage.hu\/en\/wp-json\/wp\/v2\/product_brand?post=22679"},{"taxonomy":"product_cat","embeddable":true,"href":"https:\/\/budathaimassage.hu\/en\/wp-json\/wp\/v2\/product_cat?post=22679"},{"taxonomy":"product_tag","embeddable":true,"href":"https:\/\/budathaimassage.hu\/en\/wp-json\/wp\/v2\/product_tag?post=22679"}],"curies":[{"name":"wp","href":"https:\/\/api.w.org\/{rel}","templated":true}]}}