{"id":24042,"date":"2024-03-12T15:02:53","date_gmt":"2024-03-12T13:02:53","guid":{"rendered":"https:\/\/budathaimassage.hu\/?page_id=24042"},"modified":"2024-03-12T16:07:01","modified_gmt":"2024-03-12T14:07:01","slug":"altalanos-szerzodesi-feltetelek","status":"publish","type":"page","link":"https:\/\/budathaimassage.hu\/en\/altalanos-szerzodesi-feltetelek\/","title":{"rendered":"\u00c1ltal\u00e1nos szerz\u0151d\u00e9si felt\u00e9telek"},"content":{"rendered":"\t\t<div data-elementor-type=\"wp-page\" data-elementor-id=\"24042\" class=\"elementor elementor-24042\" data-elementor-post-type=\"page\">\n\t\t\t\t\t\t<section class=\"elementor-section elementor-top-section elementor-element elementor-element-734fc2e9 elementor-section-boxed elementor-section-height-default elementor-section-height-default\" data-id=\"734fc2e9\" data-element_type=\"section\" data-e-type=\"section\">\n\t\t\t\t\t\t<div class=\"elementor-container elementor-column-gap-default\">\n\t\t\t\t\t<div class=\"elementor-column elementor-col-100 elementor-top-column elementor-element elementor-element-2a36187d\" data-id=\"2a36187d\" data-element_type=\"column\" data-e-type=\"column\">\n\t\t\t<div class=\"elementor-widget-wrap elementor-element-populated\">\n\t\t\t\t\t\t<div class=\"elementor-element elementor-element-536729d9 fogybarat elementor-widget elementor-widget-text-editor\" data-id=\"536729d9\" data-element_type=\"widget\" data-e-type=\"widget\" data-widget_type=\"text-editor.default\">\n\t\t\t\t<div class=\"elementor-widget-container\">\n\t\t\t\t\t\t\t\t\t<div id=\"gendoc_m_aszf\" style=\"width: 100%; overflow-y: auto;\">Dokumentum helye<\/div><script type=\"text\/javascript\">var lang=document.documentElement.lang;jQuery.get(\"https:\/\/admin.fogyasztobarat.hu\/api.php?m_aszf=FKS9FNBA\", function(ret){jQuery(\"div#gendoc_m_aszf\").html(ret);var sl=window.location.href.split(\"#\");if(jQuery(\"#\"+sl[1]).size()){jQuery(\"html, body\").animate({scrollTop:jQuery(\"#\"+sl[1]).offset().top},1000); }}); <\/script>\t\t\t\t\t\t\t\t<\/div>\n\t\t\t\t<\/div>\n\t\t\t\t<div class=\"elementor-element elementor-element-919af92 elementor-widget elementor-widget-spacer\" data-id=\"919af92\" data-element_type=\"widget\" data-e-type=\"widget\" data-widget_type=\"spacer.default\">\n\t\t\t\t<div class=\"elementor-widget-container\">\n\t\t\t\t\t\t\t<div class=\"elementor-spacer\">\n\t\t\t<div class=\"elementor-spacer-inner\"><\/div>\n\t\t<\/div>\n\t\t\t\t\t\t<\/div>\n\t\t\t\t<\/div>\n\t\t\t\t\t<\/div>\n\t\t<\/div>\n\t\t\t\t\t<\/div>\n\t\t<\/section>\n\t\t\t\t<\/div>\n\t\t","protected":false},"excerpt":{"rendered":"<p>Dokumentum helye<\/p>","protected":false},"author":6,"featured_media":0,"parent":0,"menu_order":0,"comment_status":"closed","ping_status":"closed","template":"","meta":{"_acf_changed":false,"_seopress_robots_primary_cat":"0","_seopress_titles_title":"","_seopress_titles_desc":"","_seopress_robots_index":"","_monsterinsights_skip_tracking":false,"_monsterinsights_sitenote_active":false,"_monsterinsights_sitenote_note":"","_monsterinsights_sitenote_category":0,"footnotes":""},"class_list":["post-24042","page","type-page","status-publish"],"acf":[],"_links":{"self":[{"href":"https:\/\/budathaimassage.hu\/en\/wp-json\/wp\/v2\/pages\/24042","targetHints":{"allow":["GET"]}}],"collection":[{"href":"https:\/\/budathaimassage.hu\/en\/wp-json\/wp\/v2\/pages"}],"about":[{"href":"https:\/\/budathaimassage.hu\/en\/wp-json\/wp\/v2\/types\/page"}],"author":[{"embeddable":true,"href":"https:\/\/budathaimassage.hu\/en\/wp-json\/wp\/v2\/users\/6"}],"replies":[{"embeddable":true,"href":"https:\/\/budathaimassage.hu\/en\/wp-json\/wp\/v2\/comments?post=24042"}],"version-history":[{"count":1,"href":"https:\/\/budathaimassage.hu\/en\/wp-json\/wp\/v2\/pages\/24042\/revisions"}],"predecessor-version":[{"id":28397,"href":"https:\/\/budathaimassage.hu\/en\/wp-json\/wp\/v2\/pages\/24042\/revisions\/28397"}],"wp:attachment":[{"href":"https:\/\/budathaimassage.hu\/en\/wp-json\/wp\/v2\/media?parent=24042"}],"curies":[{"name":"wp","href":"https:\/\/api.w.org\/{rel}","templated":true}]}}