{"id":22267,"date":"2022-08-17T21:33:50","date_gmt":"2022-08-17T21:33:50","guid":{"rendered":"https:\/\/budathaimassage.hu\/?page_id=22267"},"modified":"2024-08-06T14:45:06","modified_gmt":"2024-08-06T12:45:06","slug":"salon-etiquette","status":"publish","type":"page","link":"https:\/\/budathaimassage.hu\/en\/szalon-etikett\/","title":{"rendered":"Salon etiquette"},"content":{"rendered":"<div data-elementor-type=\"wp-page\" data-elementor-id=\"22267\" class=\"elementor elementor-22267\" data-elementor-post-type=\"page\">\n\t\t\t\t<div class=\"elementor-element elementor-element-7a88bd1 e-flex e-con-boxed e-con e-parent\" data-id=\"7a88bd1\" data-element_type=\"container\" data-e-type=\"container\">\n\t\t\t\t\t<div class=\"e-con-inner\">\n\t\t\t\t<div class=\"elementor-element elementor-element-7fd7122 elementor-widget elementor-widget-text-editor\" data-id=\"7fd7122\" data-element_type=\"widget\" data-e-type=\"widget\" data-widget_type=\"text-editor.default\">\n\t\t\t\t<div class=\"elementor-widget-container\">\n\t\t\t\t\t\t\t\t\t<p class=\"translation-block\">Welcome to Buda Thai Massage!<br>  \nThe following etiquette guidelines will help ensure a pleasant and harmonious experience for both our guests and staff.<br>  \nPlease read and adhere to the rules below<\/p>\t\t\t\t\t\t\t\t<\/div>\n\t\t\t\t<\/div>\n\t\t\t\t<div class=\"elementor-element elementor-element-6f04efb elementor-widget elementor-widget-heading\" data-id=\"6f04efb\" data-element_type=\"widget\" data-e-type=\"widget\" data-widget_type=\"heading.default\">\n\t\t\t\t<div class=\"elementor-widget-container\">\n\t\t\t\t\t<h3 class=\"elementor-heading-title elementor-size-default\">Booking and Arrival<\/h3>\t\t\t\t<\/div>\n\t\t\t\t<\/div>\n\t\t\t\t<div class=\"elementor-element elementor-element-a49bbd2 elementor-widget elementor-widget-text-editor\" data-id=\"a49bbd2\" data-element_type=\"widget\" data-e-type=\"widget\" data-widget_type=\"text-editor.default\">\n\t\t\t\t<div class=\"elementor-widget-container\">\n\t\t\t\t\t\t\t\t\t<ul><li aria-level=\"1\" class=\"translation-block\"><b>Appointment Booking<\/b>: Please schedule your appointment in advance, either by phone or through our online system. This ensures that our therapist will be available at your desired time.<\/li><li aria-level=\"1\"><b>On time arrival<\/b>: Please arrive at least 10 minutes before the scheduled time to allow for administration and preparation.<\/li><li aria-level=\"1\"><b>Late Arrival<\/b>: If you are running late, please inform us. For delays exceeding 15 minutes, the treatment may need to be shortened or rescheduled.<\/li><\/ul>\t\t\t\t\t\t\t\t<\/div>\n\t\t\t\t<\/div>\n\t\t\t\t<div class=\"elementor-element elementor-element-4331553 elementor-widget elementor-widget-heading\" data-id=\"4331553\" data-element_type=\"widget\" data-e-type=\"widget\" data-widget_type=\"heading.default\">\n\t\t\t\t<div class=\"elementor-widget-container\">\n\t\t\t\t\t<h3 class=\"elementor-heading-title elementor-size-default\">Hygiene and Clothing<\/h3>\t\t\t\t<\/div>\n\t\t\t\t<\/div>\n\t\t\t\t<div class=\"elementor-element elementor-element-6889f86 elementor-widget elementor-widget-text-editor\" data-id=\"6889f86\" data-element_type=\"widget\" data-e-type=\"widget\" data-widget_type=\"text-editor.default\">\n\t\t\t\t<div class=\"elementor-widget-container\">\n\t\t\t\t\t\t\t\t\t<ul><li aria-level=\"1\"><b>Hygiene<\/b>: Before the massage begins, please take a shower either at home or in the salon's bathroom. This ensures freshness and hygiene for both the guest and the therapist.<\/li><li aria-level=\"1\"><b>Clothing<\/b>: During the massage, we provide comfortable, loose-fitting clothing for our guests. Please wear easily removable clothing when you arrive.<\/li><\/ul>\t\t\t\t\t\t\t\t<\/div>\n\t\t\t\t<\/div>\n\t\t\t\t<div class=\"elementor-element elementor-element-0712ed6 elementor-widget elementor-widget-heading\" data-id=\"0712ed6\" data-element_type=\"widget\" data-e-type=\"widget\" data-widget_type=\"heading.default\">\n\t\t\t\t<div class=\"elementor-widget-container\">\n\t\t\t\t\t<h3 class=\"elementor-heading-title elementor-size-default\">Behaviour in the Salon<\/h3>\t\t\t\t<\/div>\n\t\t\t\t<\/div>\n\t\t\t\t<div class=\"elementor-element elementor-element-2dae1e3 elementor-widget elementor-widget-text-editor\" data-id=\"2dae1e3\" data-element_type=\"widget\" data-e-type=\"widget\" data-widget_type=\"text-editor.default\">\n\t\t\t\t<div class=\"elementor-widget-container\">\n\t\t\t\t\t\t\t\t\t<ul><li aria-level=\"1\"><b>Mobile phones<\/b>: Please mute or turn off your mobile phone during the massage to avoid disturbing your relaxation and the tranquility of other guests.<\/li><li aria-level=\"1\"><b>Peace and quiet<\/b>: Please respect other guests' rest and tranquility. If you need to converse, use a soft voice.<\/li><li aria-level=\"1\"><b>Communication<\/b>: Please inform your therapist if you feel any discomfort or if you'd like specific areas to receive extra attention. Open communication helps create a personalized experience.<\/li><\/ul>\t\t\t\t\t\t\t\t<\/div>\n\t\t\t\t<\/div>\n\t\t\t\t<div class=\"elementor-element elementor-element-070c46a elementor-widget elementor-widget-heading\" data-id=\"070c46a\" data-element_type=\"widget\" data-e-type=\"widget\" data-widget_type=\"heading.default\">\n\t\t\t\t<div class=\"elementor-widget-container\">\n\t\t\t\t\t<h3 class=\"elementor-heading-title elementor-size-default\">Health Status<\/h3>\t\t\t\t<\/div>\n\t\t\t\t<\/div>\n\t\t\t\t<div class=\"elementor-element elementor-element-bf967f0 elementor-widget elementor-widget-text-editor\" data-id=\"bf967f0\" data-element_type=\"widget\" data-e-type=\"widget\" data-widget_type=\"text-editor.default\">\n\t\t\t\t<div class=\"elementor-widget-container\">\n\t\t\t\t\t\t\t\t\t<ul><li aria-level=\"1\"><b>Health information<\/b>: Please inform your therapist about your health condition, including any allergies, injuries, or other medical issues that could affect the treatment.<\/li><li aria-level=\"1\"><b>In case of illness<\/b>: If you notice any symptoms of illness, please postpone your appointment to prevent the spread of infection. In such cases, we offer the option to reschedule your appointment.<\/li><\/ul>\t\t\t\t\t\t\t\t<\/div>\n\t\t\t\t<\/div>\n\t\t\t\t<div class=\"elementor-element elementor-element-ffc32d6 elementor-widget elementor-widget-heading\" data-id=\"ffc32d6\" data-element_type=\"widget\" data-e-type=\"widget\" data-widget_type=\"heading.default\">\n\t\t\t\t<div class=\"elementor-widget-container\">\n\t\t\t\t\t<h3 class=\"elementor-heading-title elementor-size-default\">Payment and Cancellation<\/h3>\t\t\t\t<\/div>\n\t\t\t\t<\/div>\n\t\t\t\t<div class=\"elementor-element elementor-element-681dd15 elementor-widget elementor-widget-text-editor\" data-id=\"681dd15\" data-element_type=\"widget\" data-e-type=\"widget\" data-widget_type=\"text-editor.default\">\n\t\t\t\t<div class=\"elementor-widget-container\">\n\t\t\t\t\t\t\t\t\t<ul><li aria-level=\"1\"><b>Payment<\/b>: Payment can be made in cash or by credit card and OTP Sz\u00e9p K\u00e1rtya. Please settle your bill either before or after the treatment.<\/li><li aria-level=\"1\"><b>Cancellation<\/b>: If you need to cancel your appointment, please do so at least 24 hours before the treatment to avoid a cancellation fee and to allow other guests the opportunity to book the available time slots.<\/li><\/ul>\t\t\t\t\t\t\t\t<\/div>\n\t\t\t\t<\/div>\n\t\t\t\t<div class=\"elementor-element elementor-element-9eb8279 elementor-widget elementor-widget-heading\" data-id=\"9eb8279\" data-element_type=\"widget\" data-e-type=\"widget\" data-widget_type=\"heading.default\">\n\t\t\t\t<div class=\"elementor-widget-container\">\n\t\t\t\t\t<h3 class=\"elementor-heading-title elementor-size-default\">Gift Cards and Discounts<\/h3>\t\t\t\t<\/div>\n\t\t\t\t<\/div>\n\t\t\t\t<div class=\"elementor-element elementor-element-92e39e8 elementor-widget elementor-widget-text-editor\" data-id=\"92e39e8\" data-element_type=\"widget\" data-e-type=\"widget\" data-widget_type=\"text-editor.default\">\n\t\t\t\t<div class=\"elementor-widget-container\">\n\t\t\t\t\t\t\t\t\t<ul><li aria-level=\"1\" class=\"translation-block\"><b>Gift cards<\/b>: Our gift cards offer a great opportunity to treat your loved ones. They can be purchased at the reception or in our <a href=\"https:\/\/budathaimassage.hu\/en\/product-category-2\/ajandekutalvanyok\/\" target=\"_self\">webshop<\/a>.<\/li><li aria-level=\"1\" class=\"translation-block\"><b>Offers<\/b>: We offer discounts on special occasions and for our regular guests. For more details, please inquire at the reception or <a href=\"https:\/\/budathaimassage.hu\/en\/packages-and-promotions\/\" target=\"_self\">check our online platforms<\/a>.<\/li><\/ul>\t\t\t\t\t\t\t\t<\/div>\n\t\t\t\t<\/div>\n\t\t\t\t<div class=\"elementor-element elementor-element-f65e45a elementor-widget elementor-widget-text-editor\" data-id=\"f65e45a\" data-element_type=\"widget\" data-e-type=\"widget\" data-widget_type=\"text-editor.default\">\n\t\t\t\t<div class=\"elementor-widget-container\">\n\t\t\t\t\t\t\t\t\t<p>Thank you for respecting our salon's etiquette! We hope you have a pleasant and relaxing experience with us.<\/p><p>Best regards,<br \/><em>The team of Buda Thai Massage salon<\/em><\/p>\t\t\t\t\t\t\t\t<\/div>\n\t\t\t\t<\/div>\n\t\t\t\t\t<\/div>\n\t\t\t\t<\/div>\n\t\t\t\t<\/div>","protected":false},"excerpt":{"rendered":"<p>\u00dcdv\u00f6z\u00f6lj\u00fck a Buda Thai Massage szalonban!Az al\u00e1bbi etikett seg\u00edt abban, hogy vend\u00e9geink \u00e9s munkat\u00e1rsaink sz\u00e1m\u00e1ra is kellemes \u00e9s harmonikus legyen az itt t\u00f6lt\u00f6tt id\u0151.K\u00e9rj\u00fck, figyelmesen olvassa el \u00e9s tartsa be az al\u00e1bbi szab\u00e1lyokat: Id\u0151pontfoglal\u00e1s \u00e9s \u00c9rkez\u00e9s Id\u0151pontfoglal\u00e1s: K\u00e9rj\u00fck, id\u0151pontj\u00e1t el\u0151re foglalja le telefonon vagy online rendszer\u00fcnk\u00f6n kereszt\u00fcl. Ezzel biztos\u00edtjuk, hogy a k\u00edv\u00e1nt id\u0151pontban rendelkez\u00e9sre \u00e1lljon &#8230; <a title=\"Salon etiquette\" class=\"read-more\" href=\"https:\/\/budathaimassage.hu\/en\/szalon-etikett\/\" aria-label=\"Read more about Szalon etikett\">Read more<\/a><\/p>","protected":false},"author":1,"featured_media":0,"parent":0,"menu_order":0,"comment_status":"closed","ping_status":"closed","template":"","meta":{"_acf_changed":false,"_seopress_robots_primary_cat":"0","_seopress_titles_title":"","_seopress_titles_desc":"","_seopress_robots_index":"","_monsterinsights_skip_tracking":false,"_monsterinsights_sitenote_active":false,"_monsterinsights_sitenote_note":"","_monsterinsights_sitenote_category":0,"footnotes":""},"class_list":["post-22267","page","type-page","status-publish"],"acf":[],"_links":{"self":[{"href":"https:\/\/budathaimassage.hu\/en\/wp-json\/wp\/v2\/pages\/22267","targetHints":{"allow":["GET"]}}],"collection":[{"href":"https:\/\/budathaimassage.hu\/en\/wp-json\/wp\/v2\/pages"}],"about":[{"href":"https:\/\/budathaimassage.hu\/en\/wp-json\/wp\/v2\/types\/page"}],"author":[{"embeddable":true,"href":"https:\/\/budathaimassage.hu\/en\/wp-json\/wp\/v2\/users\/1"}],"replies":[{"embeddable":true,"href":"https:\/\/budathaimassage.hu\/en\/wp-json\/wp\/v2\/comments?post=22267"}],"version-history":[{"count":0,"href":"https:\/\/budathaimassage.hu\/en\/wp-json\/wp\/v2\/pages\/22267\/revisions"}],"wp:attachment":[{"href":"https:\/\/budathaimassage.hu\/en\/wp-json\/wp\/v2\/media?parent=22267"}],"curies":[{"name":"wp","href":"https:\/\/api.w.org\/{rel}","templated":true}]}}