{"id":22102,"date":"2022-07-14T01:04:13","date_gmt":"2022-07-14T01:04:13","guid":{"rendered":"https:\/\/budathaimassage.hu\/?page_id=22102"},"modified":"2026-03-03T11:28:15","modified_gmt":"2026-03-03T10:28:15","slug":"idopontfoglal","status":"publish","type":"page","link":"https:\/\/budathaimassage.hu\/en\/idopontfoglalas\/","title":{"rendered":"Book an appointment"},"content":{"rendered":"\n<p class=\"has-text-align-center\">Amennyiben rendelkezik <a href=\"https:\/\/budathaimassage.hu\/webshop\/\" data-type=\"link\" data-id=\"https:\/\/budathaimassage.hu\/webshop\/\">b\u00e9rlettel<\/a>, k\u00e9rj\u00fck, hogy az \u00fcgyf\u00e9lpanelen bel\u00fcl foglaljon id\u0151pontot! <\/p>\n\n\n\n<div class=\"wp-block-buttons simagomb is-content-justification-center is-layout-flex wp-container-core-buttons-is-layout-16018d1d wp-block-buttons-is-layout-flex\">\n<div class=\"wp-block-button\"><a class=\"wp-block-button__link has-text-align-center wp-element-button\" href=\"https:\/\/budathaimassage.hu\/vendeg-fiok\/\">VAN B\u00c9RLETEM<\/a><\/div>\n<\/div>\n\n\n\n<div style=\"height:36px\" aria-hidden=\"true\" class=\"wp-block-spacer\"><\/div>\n\n\n\n<script>\n  if (typeof hasAmeliaEntitiesApiCall === 'undefined' && ('' === '' && '' !== '1')) {\n    var hasAmeliaEntitiesApiCall = true;\n  }\n  var ameliaShortcodeData = (typeof ameliaShortcodeData === 'undefined') ? [] : ameliaShortcodeData;\n  ameliaShortcodeData.push(\n    {\n      'hasApiCall': (typeof hasAmeliaEntitiesApiCall !== 'undefined') && hasAmeliaEntitiesApiCall,\n      'trigger': '',\n      'trigger_type': '',\n      'triggered_form': 'cbf',\n      'in_dialog': '',\n      'show': 'services',\n      'counter': '1000',\n      'package': '',\n      'category': '',\n      'service': '',\n      'employee': '',\n      'location': '',\n      'categories_hidden': ''\n    }\n  );\n  var ameliaShortcodeDataTriggered = (typeof ameliaShortcodeDataTriggered === 'undefined') ? [] : ameliaShortcodeDataTriggered;\n  if (ameliaShortcodeData[ameliaShortcodeData.length - 1].trigger !== '') {\n    if (ameliaShortcodeDataTriggered.filter(a => a.counter === ameliaShortcodeData[ameliaShortcodeData.length - 1].counter).length === 0) {\n      ameliaShortcodeDataTriggered.push(ameliaShortcodeData.pop());\n    } else {\n      ameliaShortcodeData.pop()\n    }\n  }\n  if (typeof hasAmeliaEntitiesApiCall !== 'undefined' && hasAmeliaEntitiesApiCall) {\n    hasAmeliaEntitiesApiCall = false;\n  }\n<\/script>\n\n<div\n  id=\"amelia-v2-booking-1000\"\n  class=\"amelia-v2-booking\"\n>\n    <catalog-form-wrapper><\/catalog-form-wrapper><\/div>\n","protected":false},"excerpt":{"rendered":"<p>Amennyiben rendelkezik b\u00e9rlettel, k\u00e9rj\u00fck, hogy az \u00fcgyf\u00e9lpanelen bel\u00fcl foglaljon id\u0151pontot!<\/p>","protected":false},"author":1,"featured_media":0,"parent":0,"menu_order":0,"comment_status":"closed","ping_status":"closed","template":"","meta":{"_acf_changed":false,"_seopress_robots_primary_cat":"","_seopress_titles_title":"","_seopress_titles_desc":"","_seopress_robots_index":"","_monsterinsights_skip_tracking":false,"_monsterinsights_sitenote_active":false,"_monsterinsights_sitenote_note":"","_monsterinsights_sitenote_category":0,"footnotes":""},"class_list":["post-22102","page","type-page","status-publish"],"acf":[],"_links":{"self":[{"href":"https:\/\/budathaimassage.hu\/en\/wp-json\/wp\/v2\/pages\/22102","targetHints":{"allow":["GET"]}}],"collection":[{"href":"https:\/\/budathaimassage.hu\/en\/wp-json\/wp\/v2\/pages"}],"about":[{"href":"https:\/\/budathaimassage.hu\/en\/wp-json\/wp\/v2\/types\/page"}],"author":[{"embeddable":true,"href":"https:\/\/budathaimassage.hu\/en\/wp-json\/wp\/v2\/users\/1"}],"replies":[{"embeddable":true,"href":"https:\/\/budathaimassage.hu\/en\/wp-json\/wp\/v2\/comments?post=22102"}],"version-history":[{"count":5,"href":"https:\/\/budathaimassage.hu\/en\/wp-json\/wp\/v2\/pages\/22102\/revisions"}],"predecessor-version":[{"id":28280,"href":"https:\/\/budathaimassage.hu\/en\/wp-json\/wp\/v2\/pages\/22102\/revisions\/28280"}],"wp:attachment":[{"href":"https:\/\/budathaimassage.hu\/en\/wp-json\/wp\/v2\/media?parent=22102"}],"curies":[{"name":"wp","href":"https:\/\/api.w.org\/{rel}","templated":true}]}}