{"id":17632,"date":"2021-06-17T14:13:57","date_gmt":"2021-06-17T14:13:57","guid":{"rendered":"https:\/\/budathaimassage.hu\/?page_id=17632"},"modified":"2024-11-05T06:27:43","modified_gmt":"2024-11-05T04:27:43","slug":"packages-and-promotions","status":"publish","type":"page","link":"https:\/\/budathaimassage.hu\/en\/berlet-kedvezmenyek\/","title":{"rendered":"Packages and Promotions"},"content":{"rendered":"<div data-elementor-type=\"wp-page\" data-elementor-id=\"17632\" class=\"elementor elementor-17632\" data-elementor-post-type=\"page\">\n\t\t\t\t<div class=\"elementor-element elementor-element-e9486ab e-flex e-con-boxed e-con e-parent\" data-id=\"e9486ab\" data-element_type=\"container\" data-e-type=\"container\">\n\t\t\t\t\t<div class=\"e-con-inner\">\n\t\t<div class=\"elementor-element elementor-element-a360813 e-con-full e-flex e-con e-child\" data-id=\"a360813\" data-element_type=\"container\" data-e-type=\"container\">\n\t\t\t\t<div class=\"elementor-element elementor-element-95f2bf7 elementor-widget elementor-widget-text-editor\" data-id=\"95f2bf7\" data-element_type=\"widget\" data-e-type=\"widget\" data-widget_type=\"text-editor.default\">\n\t\t\t\t<div class=\"elementor-widget-container\">\n\t\t\t\t\t\t\t\t\t<p><span style=\"text-decoration: underline;\"><b>Packages<\/b> <\/span>: Recommended for those thinking long-term. The true benefits of massage only become evident with regular sessions, which is why we recommend using our massage packages. <strong>We <\/strong><b>offer 5% discount for our 5-session packages and 10% discount for the10-session packages.<\/b>\u00a0 <br \/>The season ticket from the date of purchase<strong> 6 h\u00f3napig \u00e9rv\u00e9nyes.<\/strong><\/p><p><span style=\"text-decoration: underline;\"><b>Gift Card<\/b><\/span>: The Buda Thai Massage gift card is the perfect present for your loved ones! Give the gift of a memorable experience and healthy relaxation!<\/p>\t\t\t\t\t\t\t\t<\/div>\n\t\t\t\t<\/div>\n\t\t\t\t<\/div>\n\t\t\t\t\t<\/div>\n\t\t\t\t<\/div>\n\t\t<section class=\"elementor-element elementor-element-b96d282 e-flex e-con-boxed e-con e-parent\" data-id=\"b96d282\" data-element_type=\"container\" data-e-type=\"container\" data-settings=\"{&quot;background_background&quot;:&quot;classic&quot;}\">\n\t\t\t\t\t<div class=\"e-con-inner\">\n\t\t<div class=\"elementor-element elementor-element-8c53ff4 e-con-full e-flex e-con e-child\" data-id=\"8c53ff4\" data-element_type=\"container\" data-e-type=\"container\">\n\t\t<div class=\"elementor-element elementor-element-7f69233 e-con-full e-flex e-con e-child\" data-id=\"7f69233\" data-element_type=\"container\" data-e-type=\"container\">\n\t\t<div class=\"elementor-element elementor-element-64c96b8 e-con-full e-flex e-con e-child\" data-id=\"64c96b8\" data-element_type=\"container\" data-e-type=\"container\" data-settings=\"{&quot;background_background&quot;:&quot;classic&quot;}\">\n\t\t\t\t<div class=\"elementor-element elementor-element-822311f elementor-widget elementor-widget-heading\" data-id=\"822311f\" data-element_type=\"widget\" data-e-type=\"widget\" data-widget_type=\"heading.default\">\n\t\t\t\t<div class=\"elementor-widget-container\">\n\t\t\t\t\t<h2 class=\"elementor-heading-title elementor-size-default\">5-session<\/h2>\t\t\t\t<\/div>\n\t\t\t\t<\/div>\n\t\t\t\t<div class=\"elementor-element elementor-element-589653c elementor-widget elementor-widget-text-editor\" data-id=\"589653c\" data-element_type=\"widget\" data-e-type=\"widget\" data-widget_type=\"text-editor.default\">\n\t\t\t\t<div class=\"elementor-widget-container\">\n\t\t\t\t\t\t\t\t\t<p>Packages<\/p>\t\t\t\t\t\t\t\t<\/div>\n\t\t\t\t<\/div>\n\t\t<div class=\"elementor-element elementor-element-cc7ecb7 e-con-full e-flex e-con e-child\" data-id=\"cc7ecb7\" data-element_type=\"container\" data-e-type=\"container\">\n\t\t\t\t<div class=\"elementor-element elementor-element-587c069 elementor-widget elementor-widget-image\" data-id=\"587c069\" data-element_type=\"widget\" data-e-type=\"widget\" data-widget_type=\"image.default\">\n\t\t\t\t<div class=\"elementor-widget-container\">\n\t\t\t\t\t\t\t\t\t\t\t\t\t\t\t<img decoding=\"async\" src=\"https:\/\/budathaimassage.hu\/wp-content\/uploads\/elementor\/thumbs\/post22-copyright-qs7cdwb45nnbdm0m8rxwi4pxu8lsien3raf075vq8o.jpg\" title=\"Buda Thai Massage discounts\" alt=\"Buda Thai Massage discounts\" loading=\"lazy\" \/>\t\t\t\t\t\t\t\t\t\t\t\t\t\t\t<\/div>\n\t\t\t\t<\/div>\n\t\t<div class=\"elementor-element elementor-element-1d13fdb e-con-full arkor e-flex e-con e-child\" data-id=\"1d13fdb\" data-element_type=\"container\" data-e-type=\"container\" data-settings=\"{&quot;background_background&quot;:&quot;classic&quot;,&quot;position&quot;:&quot;absolute&quot;}\">\n\t\t\t\t<div class=\"elementor-element elementor-element-7d13dd4 elementor-widget__width-auto elementor-widget elementor-widget-text-editor\" data-id=\"7d13dd4\" data-element_type=\"widget\" data-e-type=\"widget\" data-widget_type=\"text-editor.default\">\n\t\t\t\t<div class=\"elementor-widget-container\">\n\t\t\t\t\t\t\t\t\t<p>5%<\/p>\t\t\t\t\t\t\t\t<\/div>\n\t\t\t\t<\/div>\n\t\t\t\t<\/div>\n\t\t\t\t<\/div>\n\t\t\t\t<div class=\"elementor-element elementor-element-7cef82b elementor-widget-divider--view-line elementor-widget elementor-widget-divider\" data-id=\"7cef82b\" data-element_type=\"widget\" data-e-type=\"widget\" data-widget_type=\"divider.default\">\n\t\t\t\t<div class=\"elementor-widget-container\">\n\t\t\t\t\t\t\t<div class=\"elementor-divider\">\n\t\t\t<span class=\"elementor-divider-separator\">\n\t\t\t\t\t\t<\/span>\n\t\t<\/div>\n\t\t\t\t\t\t<\/div>\n\t\t\t\t<\/div>\n\t\t\t\t<div class=\"elementor-element elementor-element-56bee30 elementor-widget elementor-widget-text-editor\" data-id=\"56bee30\" data-element_type=\"widget\" data-e-type=\"widget\" data-widget_type=\"text-editor.default\">\n\t\t\t\t<div class=\"elementor-widget-container\">\n\t\t\t\t\t\t\t\t\t<p>When purchasing a 5-session package, we offer a 5% discount off the total price.<\/p>\t\t\t\t\t\t\t\t<\/div>\n\t\t\t\t<\/div>\n\t\t\t\t<\/div>\n\t\t\t\t<div class=\"elementor-element elementor-element-3e5389d elementor-align-justify elementor-widget elementor-widget-button\" data-id=\"3e5389d\" data-element_type=\"widget\" data-e-type=\"widget\" data-widget_type=\"button.default\">\n\t\t\t\t<div class=\"elementor-widget-container\">\n\t\t\t\t\t\t\t\t\t<div class=\"elementor-button-wrapper\">\n\t\t\t\t\t<a class=\"elementor-button elementor-button-link elementor-size-sm\" href=\"\/en\/product-category-2\/5-alkalmas-berlet\/\">\n\t\t\t\t\t\t<span class=\"elementor-button-content-wrapper\">\n\t\t\t\t\t\t\t\t\t<span class=\"elementor-button-text\">I'm interested in these packages<\/span>\n\t\t\t\t\t<\/span>\n\t\t\t\t\t<\/a>\n\t\t\t\t<\/div>\n\t\t\t\t\t\t\t\t<\/div>\n\t\t\t\t<\/div>\n\t\t\t\t<\/div>\n\t\t<div class=\"elementor-element elementor-element-82049a4 e-con-full e-flex e-con e-child\" data-id=\"82049a4\" data-element_type=\"container\" data-e-type=\"container\">\n\t\t<div class=\"elementor-element elementor-element-be1a011 e-con-full e-flex e-con e-child\" data-id=\"be1a011\" data-element_type=\"container\" data-e-type=\"container\" data-settings=\"{&quot;background_background&quot;:&quot;classic&quot;}\">\n\t\t\t\t<div class=\"elementor-element elementor-element-1e2ce29 elementor-widget elementor-widget-heading\" data-id=\"1e2ce29\" data-element_type=\"widget\" data-e-type=\"widget\" data-widget_type=\"heading.default\">\n\t\t\t\t<div class=\"elementor-widget-container\">\n\t\t\t\t\t<h2 class=\"elementor-heading-title elementor-size-default\">10-session<\/h2>\t\t\t\t<\/div>\n\t\t\t\t<\/div>\n\t\t\t\t<div class=\"elementor-element elementor-element-cd5b262 elementor-widget elementor-widget-text-editor\" data-id=\"cd5b262\" data-element_type=\"widget\" data-e-type=\"widget\" data-widget_type=\"text-editor.default\">\n\t\t\t\t<div class=\"elementor-widget-container\">\n\t\t\t\t\t\t\t\t\t<p>Packages<\/p>\t\t\t\t\t\t\t\t<\/div>\n\t\t\t\t<\/div>\n\t\t<div class=\"elementor-element elementor-element-7a722aa e-con-full e-flex e-con e-child\" data-id=\"7a722aa\" data-element_type=\"container\" data-e-type=\"container\">\n\t\t\t\t<div class=\"elementor-element elementor-element-a271c83 elementor-widget elementor-widget-image\" data-id=\"a271c83\" data-element_type=\"widget\" data-e-type=\"widget\" data-widget_type=\"image.default\">\n\t\t\t\t<div class=\"elementor-widget-container\">\n\t\t\t\t\t\t\t\t\t\t\t\t\t\t\t<img decoding=\"async\" src=\"https:\/\/budathaimassage.hu\/wp-content\/uploads\/elementor\/thumbs\/post21-copyright-qs7ceu5azoxmzkngr6kgzw6j83z07idfvxwhh4hk0o.jpg\" title=\"Buda Thai Massage discounts\" alt=\"Buda Thai Massage discounts\" loading=\"lazy\" \/>\t\t\t\t\t\t\t\t\t\t\t\t\t\t\t<\/div>\n\t\t\t\t<\/div>\n\t\t<div class=\"elementor-element elementor-element-d07b22b e-con-full arkor e-flex e-con e-child\" data-id=\"d07b22b\" data-element_type=\"container\" data-e-type=\"container\" data-settings=\"{&quot;background_background&quot;:&quot;classic&quot;,&quot;position&quot;:&quot;absolute&quot;}\">\n\t\t\t\t<div class=\"elementor-element elementor-element-5256f08 elementor-widget elementor-widget-text-editor\" data-id=\"5256f08\" data-element_type=\"widget\" data-e-type=\"widget\" data-widget_type=\"text-editor.default\">\n\t\t\t\t<div class=\"elementor-widget-container\">\n\t\t\t\t\t\t\t\t\t<p>10%+<\/p>\t\t\t\t\t\t\t\t<\/div>\n\t\t\t\t<\/div>\n\t\t\t\t<\/div>\n\t\t\t\t<\/div>\n\t\t\t\t<div class=\"elementor-element elementor-element-e8a877a elementor-widget-divider--view-line elementor-widget elementor-widget-divider\" data-id=\"e8a877a\" data-element_type=\"widget\" data-e-type=\"widget\" data-widget_type=\"divider.default\">\n\t\t\t\t<div class=\"elementor-widget-container\">\n\t\t\t\t\t\t\t<div class=\"elementor-divider\">\n\t\t\t<span class=\"elementor-divider-separator\">\n\t\t\t\t\t\t<\/span>\n\t\t<\/div>\n\t\t\t\t\t\t<\/div>\n\t\t\t\t<\/div>\n\t\t\t\t<div class=\"elementor-element elementor-element-d70003a elementor-widget elementor-widget-text-editor\" data-id=\"d70003a\" data-element_type=\"widget\" data-e-type=\"widget\" data-widget_type=\"text-editor.default\">\n\t\t\t\t<div class=\"elementor-widget-container\">\n\t\t\t\t\t\t\t\t\t<p>When purchasing a 10-session package, we offer a 10% discount off the total price.<\/p>\t\t\t\t\t\t\t\t<\/div>\n\t\t\t\t<\/div>\n\t\t\t\t<\/div>\n\t\t\t\t<div class=\"elementor-element elementor-element-0b3ce63 elementor-align-justify elementor-widget elementor-widget-button\" data-id=\"0b3ce63\" data-element_type=\"widget\" data-e-type=\"widget\" data-widget_type=\"button.default\">\n\t\t\t\t<div class=\"elementor-widget-container\">\n\t\t\t\t\t\t\t\t\t<div class=\"elementor-button-wrapper\">\n\t\t\t\t\t<a class=\"elementor-button elementor-button-link elementor-size-sm\" href=\"\/en\/product-category-2\/10-alkalmas-berlet\/\">\n\t\t\t\t\t\t<span class=\"elementor-button-content-wrapper\">\n\t\t\t\t\t\t\t\t\t<span class=\"elementor-button-text\">I'm interested in these packages<\/span>\n\t\t\t\t\t<\/span>\n\t\t\t\t\t<\/a>\n\t\t\t\t<\/div>\n\t\t\t\t\t\t\t\t<\/div>\n\t\t\t\t<\/div>\n\t\t\t\t<\/div>\n\t\t<div class=\"elementor-element elementor-element-9ab7da1 e-con-full e-flex e-con e-child\" data-id=\"9ab7da1\" data-element_type=\"container\" data-e-type=\"container\">\n\t\t<div class=\"elementor-element elementor-element-7c0a400 e-con-full e-flex e-con e-child\" data-id=\"7c0a400\" data-element_type=\"container\" data-e-type=\"container\" data-settings=\"{&quot;background_background&quot;:&quot;classic&quot;}\">\n\t\t\t\t<div class=\"elementor-element elementor-element-de3a9c2 elementor-widget elementor-widget-heading\" data-id=\"de3a9c2\" data-element_type=\"widget\" data-e-type=\"widget\" data-widget_type=\"heading.default\">\n\t\t\t\t<div class=\"elementor-widget-container\">\n\t\t\t\t\t<h2 class=\"elementor-heading-title elementor-size-default\">Gift Card<\/h2>\t\t\t\t<\/div>\n\t\t\t\t<\/div>\n\t\t\t\t<div class=\"elementor-element elementor-element-60d7ec1 elementor-widget elementor-widget-text-editor\" data-id=\"60d7ec1\" data-element_type=\"widget\" data-e-type=\"widget\" data-widget_type=\"text-editor.default\">\n\t\t\t\t<div class=\"elementor-widget-container\">\n\t\t\t\t\t\t\t\t\t<p>Buda Thai Massage Gift Cards<\/p>\t\t\t\t\t\t\t\t<\/div>\n\t\t\t\t<\/div>\n\t\t<div class=\"elementor-element elementor-element-6af7585 e-con-full e-flex e-con e-child\" data-id=\"6af7585\" data-element_type=\"container\" data-e-type=\"container\">\n\t\t\t\t<div class=\"elementor-element elementor-element-1ab0984 elementor-widget elementor-widget-image\" data-id=\"1ab0984\" data-element_type=\"widget\" data-e-type=\"widget\" data-widget_type=\"image.default\">\n\t\t\t\t<div class=\"elementor-widget-container\">\n\t\t\t\t\t\t\t\t\t\t\t\t\t\t\t<img decoding=\"async\" src=\"https:\/\/budathaimassage.hu\/wp-content\/uploads\/elementor\/thumbs\/post17-copyright-qs7cf96q11i85c1mbd2i3sdwq9wvmo15a0c95jv994.jpg\" title=\"Buda Thai Massage discounts\" alt=\"Buda Thai Massage discounts\" loading=\"lazy\" \/>\t\t\t\t\t\t\t\t\t\t\t\t\t\t\t<\/div>\n\t\t\t\t<\/div>\n\t\t<div class=\"elementor-element elementor-element-b746667 e-con-full arkor e-flex e-con e-child\" data-id=\"b746667\" data-element_type=\"container\" data-e-type=\"container\" data-settings=\"{&quot;background_background&quot;:&quot;classic&quot;,&quot;position&quot;:&quot;absolute&quot;}\">\n\t\t\t\t<div class=\"elementor-element elementor-element-82acd55 elementor-widget elementor-widget-text-editor\" data-id=\"82acd55\" data-element_type=\"widget\" data-e-type=\"widget\" data-widget_type=\"text-editor.default\">\n\t\t\t\t<div class=\"elementor-widget-container\">\n\t\t\t\t\t\t\t\t\t<p>Presents<\/p>\t\t\t\t\t\t\t\t<\/div>\n\t\t\t\t<\/div>\n\t\t\t\t<\/div>\n\t\t\t\t<\/div>\n\t\t\t\t<div class=\"elementor-element elementor-element-91a864b elementor-widget-divider--view-line elementor-widget elementor-widget-divider\" data-id=\"91a864b\" data-element_type=\"widget\" data-e-type=\"widget\" data-widget_type=\"divider.default\">\n\t\t\t\t<div class=\"elementor-widget-container\">\n\t\t\t\t\t\t\t<div class=\"elementor-divider\">\n\t\t\t<span class=\"elementor-divider-separator\">\n\t\t\t\t\t\t<\/span>\n\t\t<\/div>\n\t\t\t\t\t\t<\/div>\n\t\t\t\t<\/div>\n\t\t\t\t<div class=\"elementor-element elementor-element-6615a24 elementor-widget elementor-widget-text-editor\" data-id=\"6615a24\" data-element_type=\"widget\" data-e-type=\"widget\" data-widget_type=\"text-editor.default\">\n\t\t\t\t<div class=\"elementor-widget-container\">\n\t\t\t\t\t\t\t\t\t<p>The perfect gift for your loved ones! Give the gift of an experience and healthy relaxation!<\/p>\t\t\t\t\t\t\t\t<\/div>\n\t\t\t\t<\/div>\n\t\t\t\t<\/div>\n\t\t\t\t<div class=\"elementor-element elementor-element-36f1b69 elementor-align-justify elementor-widget elementor-widget-button\" data-id=\"36f1b69\" data-element_type=\"widget\" data-e-type=\"widget\" data-widget_type=\"button.default\">\n\t\t\t\t<div class=\"elementor-widget-container\">\n\t\t\t\t\t\t\t\t\t<div class=\"elementor-button-wrapper\">\n\t\t\t\t\t<a class=\"elementor-button elementor-button-link elementor-size-sm\" href=\"\/en\/product-category-2\/ajandekutalvanyok\/\">\n\t\t\t\t\t\t<span class=\"elementor-button-content-wrapper\">\n\t\t\t\t\t\t\t\t\t<span class=\"elementor-button-text\">I would like a gift card<\/span>\n\t\t\t\t\t<\/span>\n\t\t\t\t\t<\/a>\n\t\t\t\t<\/div>\n\t\t\t\t\t\t\t\t<\/div>\n\t\t\t\t<\/div>\n\t\t\t\t<\/div>\n\t\t\t\t<\/div>\n\t\t\t\t\t<\/div>\n\t\t\t\t<\/section>\n\t\t\t\t<\/div>","protected":false},"excerpt":{"rendered":"<p>B\u00e9rleteink : Hossz\u00fat\u00e1vban gondolkod\u00f3knak javasolt.\u00a0 A massz\u00e1zs igaz\u00e1n pozit\u00edv hat\u00e1sai csak a rendszeress\u00e9g hat\u00e1s\u00e1ra mutatkoznak meg mindennapjainkban, ez\u00e9rt aj\u00e1nljuk Nektek a b\u00e9rleteinket! Az 5 alkalmas b\u00e9rlet\u00fcnkben a v\u00e9g\u00f6sszegb\u0151l 5% kedvezm\u00e9nyt biztos\u00edtunk, a 10 alkalmas b\u00e9rlet\u00fcnkben pedig 10% kedvezm\u00e9nyt biztos\u00edtunk.\u00a0 A b\u00e9rlet a v\u00e1s\u00e1rl\u00e1st\u00f3l sz\u00e1m\u00edtva 6 h\u00f3napig \u00e9rv\u00e9nyes. Aj\u00e1nd\u00e9kutalv\u00e1ny: A Buda Thai Massage aj\u00e1nd\u00e9kutalv\u00e1ny t\u00f6k\u00e9letes aj\u00e1nd\u00e9k &#8230; <a title=\"Packages and Promotions\" class=\"read-more\" href=\"https:\/\/budathaimassage.hu\/en\/berlet-kedvezmenyek\/\" aria-label=\"Read more about B\u00e9rletek \u00e9s Kedvezm\u00e9nyek\">Read more<\/a><\/p>","protected":false},"author":1,"featured_media":22310,"parent":0,"menu_order":0,"comment_status":"closed","ping_status":"closed","template":"","meta":{"_acf_changed":false,"_seopress_robots_primary_cat":"0","_seopress_titles_title":"Thai massz\u00e1zs akci\u00f3 a Buda Thai Massage b\u00e9rleteire","_seopress_titles_desc":"Thai massz\u00e1zs akci\u00f3 a hossz\u00fa t\u00e1vban gondolkod\u00f3knak! 5 \u00e9s 10 alkalmas b\u00e9rleteinkre kedvezm\u00e9nyeket biztos\u00edtunk.","_seopress_robots_index":"","_monsterinsights_skip_tracking":false,"_monsterinsights_sitenote_active":false,"_monsterinsights_sitenote_note":"","_monsterinsights_sitenote_category":0,"footnotes":""},"class_list":["post-17632","page","type-page","status-publish","has-post-thumbnail"],"acf":[],"_links":{"self":[{"href":"https:\/\/budathaimassage.hu\/en\/wp-json\/wp\/v2\/pages\/17632","targetHints":{"allow":["GET"]}}],"collection":[{"href":"https:\/\/budathaimassage.hu\/en\/wp-json\/wp\/v2\/pages"}],"about":[{"href":"https:\/\/budathaimassage.hu\/en\/wp-json\/wp\/v2\/types\/page"}],"author":[{"embeddable":true,"href":"https:\/\/budathaimassage.hu\/en\/wp-json\/wp\/v2\/users\/1"}],"replies":[{"embeddable":true,"href":"https:\/\/budathaimassage.hu\/en\/wp-json\/wp\/v2\/comments?post=17632"}],"version-history":[{"count":0,"href":"https:\/\/budathaimassage.hu\/en\/wp-json\/wp\/v2\/pages\/17632\/revisions"}],"wp:featuredmedia":[{"embeddable":true,"href":"https:\/\/budathaimassage.hu\/en\/wp-json\/wp\/v2\/media\/22310"}],"wp:attachment":[{"href":"https:\/\/budathaimassage.hu\/en\/wp-json\/wp\/v2\/media?parent=17632"}],"curies":[{"name":"wp","href":"https:\/\/api.w.org\/{rel}","templated":true}]}}